{"id":66,"date":"2023-06-18T13:23:30","date_gmt":"2023-06-18T13:23:30","guid":{"rendered":"https:\/\/www.onyx-design.pl\/?page_id=66"},"modified":"2023-06-20T17:08:35","modified_gmt":"2023-06-20T17:08:35","slug":"oferta-projektowa","status":"publish","type":"page","link":"https:\/\/www.onyx-design.pl\/?page_id=66","title":{"rendered":"OFERTA PROJEKTOWA"},"content":{"rendered":"<div class=\"\" style=\"\" >\n    \n    <section class=\"u-clearfix u-section-2\" id=\"sec-d3ec\">\n      <div class=\"u-clearfix u-sheet u-valign-middle u-sheet-1\">\n        <img class=\"u-image u-image-contain u-image-default u-image-1\" src=\"http:\/\/www.onyx-design.pl\/wp-content\/uploads\/2023\/06\/Onyx-logo-transparent.png\" alt=\"\" data-image-width=\"826\" data-image-height=\"356\" data-href=\"https:\/\/www.onyx-design.pl\/\" title=\"Strona g\u0142\u00f3wna\">\n      <\/div>\n    <\/section>\n    <section class=\"u-align-center u-clearfix u-white u-section-3\" id=\"sec-74d1\">\n      <div class=\"u-clearfix u-sheet u-valign-middle u-sheet-1\">\n        <h1 class=\"u-text u-text-1\">OFERTA PROJEKTOWA<\/h1>\n      <\/div>\n    <\/section>\n    <section class=\"u-clearfix u-color-scheme-u10 u-color-style-multicolor-1 u-section-4\" id=\"sec-eaa5\">\n      <div class=\"u-clearfix u-sheet u-valign-middle u-sheet-1\">\n        <h2 class=\"u-text u-text-default u-text-1\">PAKIET PODSTAWOWY <\/h2>\n        <div class=\"u-clearfix u-expanded-width-xs u-gutter-14 u-layout-wrap u-white u-layout-wrap-1\">\n          <div class=\"u-gutter-0 u-layout\" style=\"\">\n            <div class=\"u-layout-row\" style=\"\">\n              <div class=\"u-align-left u-container-style u-layout-cell u-size-30 u-layout-cell-1\">\n                <div class=\"u-container-layout u-container-layout-1\">\n                  <div class=\"fr-view u-clearfix u-rich-text u-text u-text-2\">\n                    <p id=\"isPasted\" style=\"line-height: 1.4;\">\n                      <span class=\"u-text-grey-50\" style=\"font-size: 1rem;\">Zakres projektu:<\/span>\n                    <\/p>\n                    <p style=\"line-height: 1.4;\">\n                      <span style=\"font-size: 1rem;\">\n                        <span class=\"u-text-grey-50\">- Spotkanie w celu om\u00f3wienia Twoich potrzeb, preferencji i cel\u00f3w projektowych.<\/span>\n                      <\/span>\n                    <\/p>\n                    <p style=\"line-height: 1.4;\">\n                      <span style=\"font-size: 1rem;\">\n                        <span class=\"u-text-grey-50\">- inwentaryzacja obiektu, tj. spotkanie na budowie w celu pomiar\u00f3w ca\u0142ego zakresu projektu niezb\u0119dnego do dalszych etap\u00f3w prac<\/span>\n                      <\/span>\n                    <\/p>\n                    <p style=\"line-height: 1.4;\">\n                      <span style=\"font-size: 1rem;\">\n                        <span class=\"u-text-grey-50\">- koncepcja, tj. rysunki 2D z wrysowanymi wszystkimi elementami wyposa\u017cenia wraz z ich opisem oraz wytycznymi<\/span>\n                      <\/span>\n                    <\/p>\n                    <p style=\"line-height: 1.4;\">\n                      <span style=\"font-size: 1rem;\">\n                        <span class=\"u-text-grey-50\">- zmiany lokatorskie, tj. rysunki 2D z zaznaczeniem wszystkich \u015bcian przeznaczonych do likwidacji oraz wszystkich \u015bcian projektowanych wraz z wymiarami<\/span>\n                      <\/span>\n                    <\/p>\n                    <p style=\"line-height: 1.4;\">\n                      <span style=\"font-size: 1rem;\">\n                        <span class=\"u-text-grey-50\">- wytyczne hydrauliczne, tj. rysunki 2D z zaznaczeniem wszystkich podej\u015b\u0107 wody wraz z ich wymiarami (odleg\u0142o\u015bci od \u015bcian oraz wysoko\u015bci)<\/span>\n                      <\/span>\n                    <\/p>\n                    <p style=\"line-height: 1.4;\">\n                      <span style=\"font-size: 1rem;\">\n                        <span class=\"u-text-grey-50\">- wytyczne elektryczne, tj. rysunki 2D z zaznaczeniem wszystkich punkt\u00f3w \u015bwietlnych na suficie oraz z zaznaczeniem wszystkich gniazd oraz w\u0142\u0105cznik\u00f3w ich wysoko\u015bciami oraz odleg\u0142o\u015bciami od \u015bcian<\/span>\n                      <\/span>\n                    <\/p>\n                    <p style=\"line-height: 1.4;\">\n                      <span style=\"font-size: 1rem;\">\n                        <span class=\"u-text-grey-50\">- wytyczne do sufit\u00f3w podwieszanych, tj. rysunki 2D z zaznaczeniem obszaru sufit\u00f3w podwieszonych oraz ich wymiarami i wysoko\u015bciami.<\/span>\n                      <\/span>\n                    <\/p>\n                    <p style=\"line-height: 1.4;\">\n                      <span style=\"font-size: 1rem;\">\n                        <span class=\"u-text-grey-50\">\n                          <br>\n                        <\/span>\n                      <\/span>\n                    <\/p>\n                    <p style=\"line-height: 1.4;\">\n                      <span style=\"font-size: 1rem; font-weight: 700;\">\n                        <span class=\"u-text-grey-50\">Cena: od 80z\u0142\/ m2 brutto<\/span>\n                      <\/span>\n                    <\/p>\n                  <\/div>\n                <\/div>\n              <\/div>\n              <div class=\"u-align-left u-container-style u-layout-cell u-size-30 u-layout-cell-2\">\n                <div class=\"u-container-layout u-container-layout-2\">\n                  <img class=\"u-expanded-width-lg u-expanded-width-md u-expanded-width-sm u-expanded-width-xl u-image u-image-1\" src=\"http:\/\/www.onyx-design.pl\/wp-content\/uploads\/2023\/06\/rzut2-e1687091127686.jpg\" data-image-width=\"1280\" data-image-height=\"1600\">\n                <\/div>\n              <\/div>\n            <\/div>\n          <\/div>\n        <\/div>\n      <\/div>\n    <\/section>\n    <section class=\"u-clearfix u-color-scheme-u10 u-color-style-multicolor-1 u-section-5\" id=\"sec-d38c\">\n      <div class=\"u-clearfix u-sheet u-valign-middle-xs u-sheet-1\">\n        <h2 class=\"u-text u-text-default u-text-1\">PAKIET ROZSZERZONY <\/h2>\n        <div class=\"u-clearfix u-expanded-width-xs u-gutter-14 u-layout-wrap u-white u-layout-wrap-1\">\n          <div class=\"u-gutter-0 u-layout\" style=\"\">\n            <div class=\"u-layout-row\" style=\"\">\n              <div class=\"u-align-left u-container-style u-layout-cell u-size-30 u-layout-cell-1\">\n                <div class=\"u-container-layout u-container-layout-1\">\n                  <div class=\"fr-view u-clearfix u-rich-text u-text u-text-2\">\n                    <p id=\"isPasted\" style=\"line-height: 1.4;\">\n                      <span style=\"font-size: 1rem;\">\n                        <span class=\"u-text-grey-50\">Zakres projektu:<\/span>\n                      <\/span>\n                    <\/p>\n                    <p style=\"line-height: 1.4;\">\n                      <span style=\"font-size: 1rem;\">\n                        <span class=\"u-text-grey-50\">- pakiet podstawowy<\/span>\n                      <\/span>\n                    <\/p>\n                    <p style=\"line-height: 1.4;\">\n                      <span style=\"font-size: 1rem;\">\n                        <span class=\"u-text-grey-50\">- wizualizacje fotorealistyczne wszystkich projektowanych pomieszcze\u0144, wizualizacji tworzonych jest tyle oby pokaza\u0107 wszystkie istotne elementy w projekcie (przewa\u017cnie 3-4 uj\u0119cia wy\u0142\u0105czaj\u0105c cz\u0119\u015b\u0107 wsp\u00f3ln\u0105 \u2013 w tym przypadku przewidywana ilo\u015b\u0107 uj\u0119\u0107 to 7-10)<\/span>\n                      <\/span>\n                    <\/p>\n                    <p style=\"margin-bottom: 0cm; line-height: 1.4;\">\n                      <span style=\"font-size: 1rem;\">\n                        <span class=\"u-text-grey-50\">\n                          <br>\n                        <\/span>\n                      <\/span>\n                    <\/p>\n                    <p style=\"line-height: 1.4;\">\n                      <span style=\"font-size: 1rem;\">\n                        <span class=\"u-text-grey-50\" style=\"font-weight: 700;\">Cena od 130z\u0142\/ m2 brutto<\/span>\n                      <\/span>\n                    <\/p>\n                  <\/div>\n                <\/div>\n              <\/div>\n              <div class=\"u-align-left u-container-style u-layout-cell u-size-30 u-layout-cell-2\">\n                <div class=\"u-container-layout u-valign-middle-xs u-container-layout-2\">\n                  <img class=\"u-expanded-width-lg u-expanded-width-md u-expanded-width-sm u-expanded-width-xl u-image u-image-1\" src=\"http:\/\/www.onyx-design.pl\/wp-content\/uploads\/2023\/06\/zdj9.jpg\" data-image-width=\"1200\" data-image-height=\"1500\">\n                <\/div>\n              <\/div>\n            <\/div>\n          <\/div>\n        <\/div>\n      <\/div>\n    <\/section>\n    <section class=\"u-clearfix u-color-scheme-u10 u-color-style-multicolor-1 u-section-6\" id=\"sec-bb17\">\n      <div class=\"u-clearfix u-sheet u-valign-middle-xs u-sheet-1\">\n        <h2 class=\"u-text u-text-default u-text-1\">PAKIET PREMIUM <\/h2>\n        <div class=\"u-clearfix u-expanded-width-xs u-gutter-14 u-layout-wrap u-white u-layout-wrap-1\">\n          <div class=\"u-gutter-0 u-layout\" style=\"\">\n            <div class=\"u-layout-row\" style=\"\">\n              <div class=\"u-align-left u-container-style u-layout-cell u-size-30 u-layout-cell-1\">\n                <div class=\"u-container-layout u-valign-top u-container-layout-1\">\n                  <div class=\"fr-view u-clearfix u-rich-text u-text u-text-2\">\n                    <p id=\"isPasted\" style=\"line-height: 1.4;\">\n                      <span style=\"font-size: 1rem;\">\n                        <span class=\"u-text-grey-50\">Zakres projektu:<\/span>\n                      <\/span>\n                    <\/p>\n                    <p style=\"line-height: 1.4;\">\n                      <span style=\"font-size: 1rem;\">\n                        <span class=\"u-text-grey-50\">- pakiet rozszerzony<\/span>\n                      <\/span>\n                    <\/p>\n                    <p style=\"line-height: 1.4;\">\n                      <span style=\"font-size: 1rem;\">\n                        <span class=\"u-text-grey-50\">- dokumentacja techniczna (rysunki 2D) zawieraj\u0105ca poni\u017csze elementy<\/span>\n                      <\/span>\n                    <\/p>\n                    <p style=\"line-height: 1.4;\">\n                      <span style=\"font-size: 1rem;\">\n                        <span class=\"u-text-grey-50\">&nbsp; &nbsp; &nbsp;a. wyko\u0144czenia \u015bcian<\/span>\n                      <\/span>\n                    <\/p>\n                    <p style=\"line-height: 1.4;\">\n                      <span style=\"font-size: 1rem;\">\n                        <span class=\"u-text-grey-50\">&nbsp; &nbsp; &nbsp;b. rozkroje p\u0142ytek na \u015bcianach oraz pod\u0142ogach<\/span>\n                      <\/span>\n                    <\/p>\n                    <p style=\"line-height: 1.4;\">\n                      <span style=\"font-size: 1rem;\">\n                        <span class=\"u-text-grey-50\">&nbsp; &nbsp; &nbsp;c. wytyczne dla stolarza \u2013 projekty front\u00f3w oraz wn\u0119trza zabud\u00f3w stolarskich<\/span>\n                      <\/span>\n                    <\/p>\n                    <p style=\"line-height: 1.4;\">\n                      <span style=\"font-size: 1rem;\">\n                        <span class=\"u-text-grey-50\">&nbsp; &nbsp; &nbsp;d. wytyczne dla kamieniarza \u2013 w przypadku wyboru element\u00f3w kamiennych do projektu<\/span>\n                      <\/span>\n                    <\/p>\n                    <p style=\"line-height: 1.4;\">\n                      <span style=\"font-size: 1rem;\">\n                        <span class=\"u-text-grey-50\">&nbsp; &nbsp; &nbsp;e. wytyczne dla szklarza \u2013 w przypadku wyboru, np luster lub kabin prysznicowych na zam\u00f3wienie<\/span>\n                      <\/span>\n                    <\/p>\n                    <p style=\"line-height: 1.4;\">\n                      <span style=\"font-size: 1rem;\">\n                        <span class=\"u-text-grey-50\">&nbsp; &nbsp; &nbsp;f. wytyczne \u015blusarskie \u2013 w przypadku wybory np. balustrady schodowej z dzia\u0142u metaloplastyki<\/span>\n                      <\/span>\n                    <\/p>\n                    <p style=\"line-height: 1.4;\">\n                      <span style=\"font-size: 1rem;\">\n                        <span class=\"u-text-grey-50\">&nbsp; &nbsp; &nbsp;g. zestawienia materia\u0142owe \u2013 tabele z miniaturami zdj\u0119\u0107 element\u00f3w u\u017cytych w projekcie oraz ich zapotrzebowaniem, cen\u0105 orientacyjn\u0105 oraz miejscem gdzie mo\u017cna naby\u0107 dany element<\/span>\n                      <\/span>\n                    <\/p>\n                    <p style=\"margin-bottom: 0cm; line-height: 1.4;\">\n                      <span style=\"font-size: 1rem;\">\n                        <span class=\"u-text-grey-50\">\n                          <br>\n                        <\/span>\n                      <\/span>\n                    <\/p>\n                    <p style=\"line-height: 1.4;\">\n                      <span style=\"font-size: 1rem;\">\n                        <span class=\"u-text-grey-50\" style=\"font-weight: 700;\">cena: od 190z\u0142\/ m2 brutto<\/span>\n                      <\/span>\n                    <\/p>\n                  <\/div>\n                <\/div>\n              <\/div>\n              <div class=\"u-align-left u-container-style u-layout-cell u-size-30 u-layout-cell-2\">\n                <div class=\"u-container-layout u-container-layout-2\">\n                  <img class=\"u-expanded-width u-image u-image-1\" src=\"http:\/\/www.onyx-design.pl\/wp-content\/uploads\/2023\/06\/zdj11.jpg\" data-image-width=\"1200\" data-image-height=\"900\">\n                  <img class=\"u-expanded-width u-image u-image-default u-image-2\" src=\"http:\/\/www.onyx-design.pl\/wp-content\/uploads\/2023\/06\/zdj10.jpg\" alt=\"\" data-image-width=\"1200\" data-image-height=\"900\">\n                <\/div>\n              <\/div>\n            <\/div>\n          <\/div>\n        <\/div>\n      <\/div>\n    <\/section>\n    <section class=\"u-clearfix u-color-scheme-u10 u-color-style-multicolor-1 u-section-7\" id=\"sec-a00a\">\n      <div class=\"u-clearfix u-sheet u-valign-middle-xs u-sheet-1\">\n        <h2 class=\"u-text u-text-default u-text-1\">PAKIET KOMPLEKS<\/h2>\n        <div class=\"u-clearfix u-expanded-width-xs u-gutter-14 u-layout-wrap u-white u-layout-wrap-1\">\n          <div class=\"u-gutter-0 u-layout\" style=\"\">\n            <div class=\"u-layout-row\" style=\"\">\n              <div class=\"u-align-left u-container-style u-layout-cell u-size-30 u-layout-cell-1\">\n                <div class=\"u-container-layout u-valign-top u-container-layout-1\">\n                  <div class=\"fr-view u-clearfix u-rich-text u-text u-text-2\">\n                    <p id=\"isPasted\" style=\"line-height: 1.4;\">\n                      <span style=\"font-size: 1rem;\">\n                        <span class=\"u-text-grey-50\">Zakres projektu:<\/span>\n                      <\/span>\n                    <\/p>\n                    <p style=\"line-height: 1.4;\">\n                      <span style=\"font-size: 1rem;\">\n                        <span class=\"u-text-grey-50\">- pakiet premium<\/span>\n                      <\/span>\n                    <\/p>\n                    <p style=\"line-height: 1.4;\">\n                      <span style=\"font-size: 1rem;\">\n                        <span class=\"u-text-grey-50\">- nadz\u00f3r autorski: od momentu rozpocz\u0119cia prac remontowych rozpoczyna sie r\u00f3wnie\u017c nadz\u00f3r autorski w sk\u0142Ad kt\u00f3rego wchodz\u0105 poni\u017csze elementy:<\/span>\n                      <\/span>\n                    <\/p>\n                    <p style=\"line-height: 1.4;\">\n                      <span style=\"font-size: 1rem;\">\n                        <span class=\"u-text-grey-50\">&nbsp; &nbsp; &nbsp;a. sta\u0142e wsparcie merytoryczne wszystkich wykonawc\u00f3w pracuj\u0105cych na Inwestycji<\/span>\n                      <\/span>\n                    <\/p>\n                    <p style=\"line-height: 1.4;\">\n                      <span style=\"font-size: 1rem;\">\n                        <span class=\"u-text-grey-50\">&nbsp; &nbsp; &nbsp;b. bie\u017c\u0105ce poprawki w rysunkach technicznych<\/span>\n                      <\/span>\n                    <\/p>\n                    <p style=\"line-height: 1.4;\">\n                      <span style=\"font-size: 1rem;\">\n                        <span class=\"u-text-grey-50\">&nbsp; &nbsp; &nbsp;c. &nbsp;sprawowanie pieczy nad zgodno\u015bci\u0105 projektu z wykonywanymi pracami wyko\u0144czeniowymi<\/span>\n                      <\/span>\n                    <\/p>\n                    <p style=\"line-height: 1.4;\">\n                      <span style=\"font-size: 1rem;\">\n                        <span class=\"u-text-grey-50\">&nbsp; &nbsp; &nbsp;d. gdy zajdzie taka potrzeba ustalenia wdra\u017cania rozwi\u0105za\u0144 zamiennych ni\u017c te zaproponowane w projekcie<\/span>\n                      <\/span>\n                    <\/p>\n                    <p style=\"line-height: 1.4;\">\n                      <span style=\"font-size: 1rem;\">\n                        <span class=\"u-text-grey-50\">Przewidywany czas maksymalny na nadz\u00f3r \u2013 w zalezno\u015bci od skomplikowania i rozpi\u0119to\u015bci projektu. Po up\u0142ywie tego czasu istnieje mo\u017cliwo\u015b\u0107 przed\u0142u\u017cenia nadzoru za dodatkow\u0105 op\u0142at\u0105 na \u017cyczenie Inwestora<\/span>\n                      <\/span>\n                    <\/p>\n                    <p style=\"margin-bottom: 0cm; line-height: 1.4;\">\n                      <span style=\"font-size: 1rem;\">\n                        <span class=\"u-text-grey-50\">\n                          <br>\n                        <\/span>\n                      <\/span>\n                    <\/p>\n                    <p style=\"line-height: 1.4;\">\n                      <span style=\"font-size: 1rem;\">\n                        <span class=\"u-text-grey-50\" style=\"font-weight: 700;\">Cena: od 280z\u0142\/ m2 brutto<\/span>\n                      <\/span>\n                    <\/p>\n                  <\/div>\n                <\/div>\n              <\/div>\n              <div class=\"u-align-left u-container-style u-layout-cell u-size-30 u-layout-cell-2\">\n                <div class=\"u-container-layout u-container-layout-2\">\n                  <img class=\"u-expanded-width-lg u-expanded-width-md u-expanded-width-sm u-expanded-width-xl u-image u-image-1\" src=\"http:\/\/www.onyx-design.pl\/wp-content\/uploads\/2023\/06\/zdj12.jpg\" data-image-width=\"900\" data-image-height=\"675\">\n                  <img class=\"u-expanded-width-lg u-expanded-width-md u-expanded-width-sm u-expanded-width-xl u-image u-image-default u-image-2\" src=\"http:\/\/www.onyx-design.pl\/wp-content\/uploads\/2023\/06\/zdj13.jpg\" alt=\"\" data-image-width=\"900\" data-image-height=\"675\">\n                <\/div>\n              <\/div>\n            <\/div>\n          <\/div>\n        <\/div>\n      <\/div>\n    <\/section>\n    <section class=\"u-clearfix u-color-scheme-u10 u-color-style-multicolor-1 u-section-8\" id=\"sec-60db\">\n      <div class=\"u-clearfix u-sheet u-sheet-1\">\n        <h2 class=\"u-text u-text-default u-text-1\">PAKIET POD KLUCZ<\/h2>\n        <div class=\"u-clearfix u-expanded-width-xs u-gutter-14 u-layout-wrap u-white u-layout-wrap-1\">\n          <div class=\"u-gutter-0 u-layout\" style=\"\">\n            <div class=\"u-layout-row\" style=\"\">\n              <div class=\"u-align-left u-container-style u-layout-cell u-size-30 u-layout-cell-1\">\n                <div class=\"u-container-layout u-valign-top u-container-layout-1\">\n                  <div class=\"fr-view u-clearfix u-rich-text u-text u-text-2\">\n                    <p id=\"isPasted\" style=\"line-height: 1.4;\">\n                      <span style=\"font-size: 1rem;\">\n                        <span class=\"u-text-grey-50\">Zakres projektu:<\/span>\n                      <\/span>\n                    <\/p>\n                    <p style=\"line-height: 1.4;\">\n                      <span style=\"font-size: 1rem;\">\n                        <span class=\"u-text-grey-50\">- pakiet kompleksowy<\/span>\n                      <\/span>\n                    <\/p>\n                    <p style=\"line-height: 1.4;\">\n                      <span style=\"font-size: 1rem;\">\n                        <span class=\"u-text-grey-50\">- koordynacja ekip remontowo \u2013 budowlanych<\/span>\n                      <\/span>\n                    <\/p>\n                    <p style=\"line-height: 1.4;\">\n                      <span style=\"font-size: 1rem;\">\n                        <span class=\"u-text-grey-50\">- koordynacja zam\u00f3wie\u0144<\/span>\n                      <\/span>\n                    <\/p>\n                    <p style=\"line-height: 1.4;\">\n                      <span style=\"font-size: 1rem;\">\n                        <span class=\"u-text-grey-50\">- sprawianie pieczy nad harmonogramem prac<\/span>\n                      <\/span>\n                    <\/p>\n                    <p style=\"line-height: 1.4;\">\n                      <span style=\"font-size: 1rem;\">\n                        <span class=\"u-text-grey-50\">- zapewnianie ekipom remontowo \u2013 budowlanych materia\u0142\u00f3w do pracy<\/span>\n                      <\/span>\n                    <\/p>\n                    <p style=\"line-height: 1.4;\">\n                      <span style=\"font-size: 1rem;\">\n                        <span class=\"u-text-grey-50\">- dostawy materia\u0142\u00f3w<\/span>\n                      <\/span>\n                    <\/p>\n                    <p style=\"line-height: 1.4;\">\n                      <span style=\"font-size: 1rem;\">\n                        <span class=\"u-text-grey-50\">- zam\u00f3wienia materia\u0142\u00f3w<\/span>\n                      <\/span>\n                    <\/p>\n                    <p style=\"line-height: 1.4;\">\n                      <span style=\"font-size: 1rem;\">\n                        <span class=\"u-text-grey-50\">- oddane mieszkanie jest gotowe do wprowadzenia si\u0119 w\u0142\u0105cznie z ustawieniem dodatk\u00f3w typu zas\u0142ony, dywany, wazony, kwiaty, po\u015bciel<\/span>\n                      <\/span>\n                    <\/p>\n                    <p style=\"margin-bottom: 0cm; line-height: 1.4;\">\n                      <span style=\"font-size: 1rem;\">\n                        <span class=\"u-text-grey-50\">\n                          <br>\n                        <\/span>\n                      <\/span>\n                    <\/p>\n                    <p style=\"line-height: 1.4;\">\n                      <span style=\"font-size: 1rem;\">\n                        <span class=\"u-text-grey-50\" style=\"font-weight: 700;\">Cena: od 550z\u0142\/ m2 brutto<\/span>\n                      <\/span>\n                    <\/p>\n                  <\/div>\n                <\/div>\n              <\/div>\n              <div class=\"u-align-left u-container-style u-layout-cell u-size-30 u-layout-cell-2\">\n                <div class=\"u-container-layout u-container-layout-2\">\n                  <img class=\"u-expanded-width u-image u-image-1\" src=\"http:\/\/www.onyx-design.pl\/wp-content\/uploads\/2023\/06\/15.jpg\" data-image-width=\"1200\" data-image-height=\"900\">\n                  <img class=\"u-expanded-width-xs u-image u-image-default u-image-2\" src=\"http:\/\/www.onyx-design.pl\/wp-content\/uploads\/2023\/06\/14.jpg\" alt=\"\" data-image-width=\"1200\" data-image-height=\"900\">\n                <\/div>\n              <\/div>\n            <\/div>\n          <\/div>\n        <\/div>\n      <\/div>\n    <\/section>\n    \n    \n  \n<\/div>","protected":false},"excerpt":{"rendered":"<p>OFERTA PROJEKTOWA PAKIET PODSTAWOWY Zakres projektu: &#8211; Spotkanie w celu om\u00f3wienia Twoich potrzeb, preferencji i cel\u00f3w projektowych. &#8211; inwentaryzacja obiektu, tj. spotkanie na budowie w celu pomiar\u00f3w ca\u0142ego zakresu projektu niezb\u0119dnego do dalszych etap\u00f3w prac &#8211; koncepcja, tj. rysunki 2D z wrysowanymi wszystkimi elementami wyposa\u017cenia wraz z ich opisem oraz wytycznymi &#8211; zmiany lokatorskie, tj. [&hellip;]<\/p>\n","protected":false},"author":2,"featured_media":0,"parent":0,"menu_order":0,"comment_status":"closed","ping_status":"closed","template":"","meta":{"_themeisle_gutenberg_block_has_review":false},"_links":{"self":[{"href":"https:\/\/www.onyx-design.pl\/index.php?rest_route=\/wp\/v2\/pages\/66"}],"collection":[{"href":"https:\/\/www.onyx-design.pl\/index.php?rest_route=\/wp\/v2\/pages"}],"about":[{"href":"https:\/\/www.onyx-design.pl\/index.php?rest_route=\/wp\/v2\/types\/page"}],"author":[{"embeddable":true,"href":"https:\/\/www.onyx-design.pl\/index.php?rest_route=\/wp\/v2\/users\/2"}],"replies":[{"embeddable":true,"href":"https:\/\/www.onyx-design.pl\/index.php?rest_route=%2Fwp%2Fv2%2Fcomments&post=66"}],"version-history":[{"count":19,"href":"https:\/\/www.onyx-design.pl\/index.php?rest_route=\/wp\/v2\/pages\/66\/revisions"}],"predecessor-version":[{"id":102,"href":"https:\/\/www.onyx-design.pl\/index.php?rest_route=\/wp\/v2\/pages\/66\/revisions\/102"}],"wp:attachment":[{"href":"https:\/\/www.onyx-design.pl\/index.php?rest_route=%2Fwp%2Fv2%2Fmedia&parent=66"}],"curies":[{"name":"wp","href":"https:\/\/api.w.org\/{rel}","templated":true}]}}