{"id":22,"date":"2023-06-18T13:23:17","date_gmt":"2023-06-18T13:23:17","guid":{"rendered":"https:\/\/www.onyx-design.pl\/?page_id=22"},"modified":"2023-06-20T17:47:46","modified_gmt":"2023-06-20T17:47:46","slug":"strona-glowna","status":"publish","type":"page","link":"https:\/\/www.onyx-design.pl\/","title":{"rendered":"Strona g\u0142\u00f3wna"},"content":{"rendered":"<div class=\"\" style=\"\" >\n    \n    <section class=\"u-align-center u-clearfix u-section-2\" id=\"sec-ae45\">\n      <div class=\"u-clearfix u-sheet u-sheet-1\">\n        <a href=\"https:\/\/www.onyx-design.pl\/?page_id=66\" class=\"u-align-center-xs u-btn u-button-style u-btn-1\">OFERTA PROJEKTOWA<\/a>\n        <p class=\"u-text u-text-default-lg u-text-default-md u-text-default-sm u-text-default-xl u-text-1\">\"Wolno\u015b\u0107 pochodzi z wn\u0119trza\"<span style=\"font-style: normal;\"> F. L. Wright<\/span>\n        <\/p>\n      <\/div>\n    <\/section>\n    <section class=\"u-clearfix u-custom-color-1 u-valign-top-xs u-section-3\" id=\"sec-d3aa\">\n      <div class=\"u-clearfix u-sheet u-sheet-1\">\n        <div class=\"u-clearfix u-expanded-width-lg u-expanded-width-xl u-gutter-0 u-layout-wrap u-layout-wrap-1\">\n          <div class=\"u-gutter-0 u-layout\">\n            <div class=\"u-layout-row\">\n              <div class=\"u-size-30 u-size-60-md\">\n                <div class=\"u-layout-row\">\n                  <div class=\"u-container-style u-image u-layout-cell u-left-cell u-size-60 u-image-1\" data-image-width=\"1200\" data-image-height=\"900\" style=\"background-image: url(&quot;http:\/\/www.onyx-design.pl\/wp-content\/uploads\/2023\/06\/1.jpg&quot;);\">\n                    <div class=\"u-container-layout\"><\/div>\n                  <\/div>\n                <\/div>\n              <\/div>\n              <div class=\"u-size-30 u-size-60-md\">\n                <div class=\"u-layout-col\">\n                  <div class=\"u-size-40\">\n                    <div class=\"u-layout-row\">\n                      <div class=\"u-align-center u-container-align-center-lg u-container-align-center-md u-container-align-center-sm u-container-align-center-xl u-container-style u-layout-cell u-right-cell u-size-60 u-white u-layout-cell-2\">\n                        <div class=\"u-container-layout u-container-layout-2\">\n                          <img class=\"u-image u-image-contain u-image-default u-image-2\" src=\"http:\/\/www.onyx-design.pl\/wp-content\/uploads\/2023\/06\/Onyx-logo-transparent.png\" alt=\"\" data-image-width=\"826\" data-image-height=\"356\">\n                          <h2 class=\"u-align-center u-subtitle u-text u-text-1\">Witaj w \u015bwiecie inspiruj\u0105cego designu wn\u0119trz, gdzie funkcjonalno\u015b\u0107 spotyka si\u0119 z estetyk\u0105, a dom staje si\u0119 oaz\u0105 pi\u0119kna i wygody. Nasze projekty wn\u0119trz oferuj\u0105 doskona\u0142\u0105 r\u00f3wnowag\u0119 mi\u0119dzy stylem a praktyczno\u015bci\u0105, tworz\u0105c wyj\u0105tkowe przestrzenie, kt\u00f3re odzwierciedlaj\u0105 indywidualno\u015b\u0107 i potrzeby naszych klient\u00f3w.<\/h2>\n                        <\/div>\n                      <\/div>\n                    <\/div>\n                  <\/div>\n                  <div class=\"u-size-20\">\n                    <div class=\"u-layout-row\">\n                      <div class=\"u-container-style u-image u-layout-cell u-size-20 u-image-3\" data-image-width=\"561\" data-image-height=\"1059\" style=\"background-image: url(&quot;http:\/\/www.onyx-design.pl\/wp-content\/uploads\/2023\/06\/3.jpg&quot;);\">\n                        <div class=\"u-container-layout\"><\/div>\n                      <\/div>\n                      <div class=\"u-container-style u-image u-layout-cell u-size-20 u-image-4\" data-image-width=\"1536\" data-image-height=\"2048\" style=\"background-image: url(&quot;http:\/\/www.onyx-design.pl\/wp-content\/uploads\/2023\/06\/4.jpeg&quot;);\">\n                        <div class=\"u-container-layout\"><\/div>\n                      <\/div>\n                      <div class=\"u-container-style u-image u-layout-cell u-right-cell u-size-20 u-image-5\" data-image-width=\"588\" data-image-height=\"588\" style=\"background-image: url(&quot;http:\/\/www.onyx-design.pl\/wp-content\/uploads\/2023\/06\/2.jpg&quot;);\">\n                        <div class=\"u-container-layout\"><\/div>\n                      <\/div>\n                    <\/div>\n                  <\/div>\n                <\/div>\n              <\/div>\n            <\/div>\n          <\/div>\n        <\/div>\n      <\/div>\n    <\/section>\n    <section class=\"u-clearfix u-custom-color-1 u-section-4\" id=\"sec-99d7\">\n      <div class=\"u-clearfix u-sheet u-valign-middle-md u-sheet-1\">\n        <div class=\"u-clearfix u-expanded-width-md u-expanded-width-sm u-expanded-width-xs u-gutter-30 u-layout-wrap u-layout-wrap-1\">\n          <div class=\"u-layout\">\n            <div class=\"u-layout-row\">\n              <div class=\"u-align-center u-container-style u-layout-cell u-left-cell u-size-20 u-size-20-md u-white u-layout-cell-1\">\n                <div class=\"u-container-layout\"><span class=\"u-file-icon u-icon u-icon-1\"><img src=\"http:\/\/www.onyx-design.pl\/wp-content\/uploads\/2023\/06\/864685-1.png\" alt=\"\"><\/span>\n                  <h3 class=\"u-text u-text-1\">portfolio<\/h3>\n                  <p class=\"u-text u-text-grey-50 u-text-2\">Zainspiruj si\u0119 najnowszymi projektami w r\u00f3\u017cnych stylach. \u015aled\u017a aktualne trendy w projektowaniu wn\u0119trz.<\/p>\n                <\/div>\n              <\/div>\n              <div class=\"u-align-center u-container-style u-layout-cell u-size-20 u-size-20-md u-white u-layout-cell-2\">\n                <div class=\"u-container-layout\"><span class=\"u-file-icon u-icon u-icon-2\"><img src=\"http:\/\/www.onyx-design.pl\/wp-content\/uploads\/2023\/06\/481659.png\" alt=\"\"><\/span>\n                  <h3 class=\"u-text u-text-3\">kontakt<\/h3>\n                  <a href=\"mailto:kontakt@onyx-design.pl\" class=\"u-bottom-left-radius-0 u-bottom-right-radius-0 u-btn u-btn-rectangle u-button-style u-radius-0 u-text-grey-50 u-top-left-radius-0 u-top-right-radius-0 u-btn-1\"><span class=\"u-file-icon u-icon u-text-grey-50\"><img src=\"data:image\/png;base64,iVBORw0KGgoAAAANSUhEUgAAAIAAAACACAYAAADDPmHLAAAAAXNSR0IArs4c6QAAGDpJREFUeF7tXWuYXVV5\/tY+M+OkwUDGC4kCAgqE4VaxkYAicm8qhQgUFIWiFMEiESkhEDJnv\/vMEMAi1VgvwUKpCAhysaAtWIoFDVWoJuXBFKOxCpRwyyCxkcxkzlk+77DOMHPmcta39zqXmeR7nnnmx1n39e51+S7vMrJNtuoRMFtD76+55pppmzZt2qVYLM40xmwvIjOstdNEpN31v98Ys8la+zsR2Sgiz0+fPn39okWLNk318ZlSAACwizFmrrV2bxHpFJG9RGQXEXljyol8WUR+6f6eMMasstauAvBkyvKaLtukBkB3d\/fepVLpKGvtESJykIjMrtMIPysiD4rIQ7lc7r6urq51dao3eDWTCgC33XZbbs2aNYeJyEkicryI7BR8RNIV+N8icmcURXfk8\/mfpSuiMbkmBQAKhcIBpVLpYyJymoi8qTFD5V3rz0XkDhG5DsCvvHM1KGHTAmD58uWve+mllz5krV0oIgc2aHyyVFsSkXtEZDmAB7IUVMu8TQeAK6+8cvvNmzefLyLnicisWna+jmU\/ZoxZbq29CcDmOtZbtaqmAQCAGSJygfubWbXlkzPB0yLSJSJfB8AVouHScAAAiETkoyJy1RT64qtN7BpjzMVxHH+3WsJa\/95QAAB4t4j8g4jsV+uONmn590ZRdFEjbw4NAQAAauAgIheJSK5JJ6dezRoQkc\/Nnj2765xzztlSr0rL9dQdAIVC4eBSqXS9iMypd2ebvL5HcrncGV1dXbxG1k3qBgAAbSJyhTvkcd\/fJqNH4Pc8G+Tz+S8bY2w9BqguAADwZhG5XUQOrUenXB0viMhPRYRfFFW1VMo839LS8tzAwMDLAH5bbsuKFStae3t7t+vr65vuDqJvMcbsbK3dU0RoV9hHRN5Sx7bzcHgaABqmaio1B0ChUHhnqVT6tjPK1LIzNNr8u4hQ6fKj0Aabnp6enYvF4jxr7ftE5FgR2aOWnRERqpSPr7U2saYAAPAhqkRF5I9qNFir3MpyO4C1NapjzGK7u7vfXiqVTrTWniIif1Kjul+MoujEfD7\/gxqVLzUDAIC8O+mHrmODiHyD10cAj9dqYDTlAuBWcbaInJnB9Dxelf0icg6AGzRt8k0benIG6wWwTEQu9W2EZzou8Z8TkRuaTZ1abj\/tF729vR8RkYudL4Jn16onM8ZcFMcx+x9UggMAADV6HIBQwgNcvrOz89ZTTjmlGKrQWpZD7aYx5iRrbXdgIHwGwOdDtj0oAAAQoRcGauAGY0w8a9asaxuhIAnRBwAtIvJxESEQeBPKKrwaLgTw91kLKucPBoCAk89O\/pOILALwYqiONrKcK664YmZfXx+3xU+ISFYdiDXGnBfH8VdC9CkIAJIkOc9aGwKVTxpjzozj+PshOtdsZQB4rwP37hnbRhCcHsfxTRnLyX4LSJLkaGvtv4gIl7ssws58ariCJkthzZoXwHYiwn38rIxtfEVE3gfgv7KUk2kF6O7u3qtYLP6niGSx39Mlm6bRL2TpyGTLC4Am8BUZdSTrW1pa5i5duvT\/0vY\/NQAAdFDjllEjtj6KopPy+TxBtNUJgD92bmNZnFsfFpHDAVBfoJYsAPiOiHxAXeNrGZ4QkfkAfp2hjEmftaen560DAwMcS4IhrVApRkWUWlIBIEmSs62116prey3Dj9ra2o5bsmQJtXpbvVx11VWvf+WVV2gASm0sM8acEsfxt7SDqQZAd3f3bsVikX7wr9dW5tJz2zi2HpaulO1rSDYAtJfQaHZ0ygbwyrwPgOc1+VUAcP57\/5EBqY+0t7cfc8kllzDkaptUjABjGDdu3HhfhvG91RngvMdWCwCqeKnqTSPr2traDl6yZAnt9NtknBFw3tHUg6SKhTDGnBzHMQNTvMQbAAy8dM4V5YharwpcoudE5JBa27Y1DWrmtADofPKIiLw1RTufa2tr28f3fKUBwI3OfVvbJl5PDgPAvX+beI5AoVB4V6lUoh8Aw9i18kUAjKiqKl4AcI0hItPosc8Pabyo2qMplADAGU51rO1Vfy6Xm9PV1fW\/1TJ6AcDFth1erbAxfv8mgA+nyBcsizPEvMftqfTtox6eYeSVXkr0v6NX0VpjDP0IH585c+bDCxcu7NM0xvkEnOMCWfd1eR83xtw0c+bMa7XlOUeQv9S0waW90QFowqxVAQDgOKet0raBYVD7NUK3766qp4rIB527VpqVi\/0lY8j3ROQ7bW1t3612gHVKHd7nDxhnsFa3tLQcp1HdOtsBXd\/eoZwAhp4dUM1rygcAvPPvr6yc1qpj4zj+N2W+1MmttSZJEmomufcdmXK7mqh+Bm3cFUXR8nw+v7IyofvyfzzB5JezrO7o6JinWQkKhcJhpVKJN4Oq81XRrrsBnDBRpyYsEACZN+hpqxW6bTGevy6SJMl8a+3lIvLOulT46pgsHX6wdYcuX4OW+lwE4Msi8skU\/Zs7kcWwGgD+2TFxaOr9bWtr65zLLruMV7+aCj1zi8Xil5ybdk3rGqPwQceVtra2i7k1AODXz1hHH6Hb+sE+Cctp3FmGZxQt3xFD0ml5HFPGBYAbXFao3T+D+62N1XIAfy0inxURBnM0Ugj0vxKRW0SEtn4f+Z1T+PikHUqTJMknrbVcCTTCrWtXAM+MlWlcAAD4OxfGpansNx0dHXtp9jdN4UzrDkWMKOYhr1mEq4FqfwagSs+OOo4kBoyQ\/cxbjDGI4zjxBoAbZDoZkLTBW4wxH4\/j+B+9MygTAiBjyL9mNJ0qa61N8jQAcB8AeZK0rmDUB7xjLFKKMVHoDApc0jTyq87Ozj1r5brd09PztoGBAYZ9ZfWn0\/SpZmkzAIBbMgNiGLOokSPH4ioaDwC0K5+sKV1EPg1guTKPV\/LLL798xy1btpCXT7X0eRXeoERpAcDmpvTHGNNpZBQAnEmSNmXfAw3b9PK0adN2Xrx4MRUnQcVtR7x3a3URQdsRurAsAHBz9JSIvEHRrhc6OztnV67QowCQJMkJ1lo6JmjkSwA+pcngmxbAnU6j55tlUqTLAgB2EABvQIuUnaXvIP05hmQUAAB8XUROVxY8obJBWdZQ8iRJPmatJZtICOEXQ83k96Mo+kUul\/v1Hnvs8eK6detm9PX1kaZmd2PMftZaRvouqDVhVVYAFAqFfUqlkjY49moAI0AzAgDumkGHDY2b988AlI0eISZqsAynV2cHd8hQKPXhVGZ9HsBDvuU4zycGcZC2jmBQX9mq1ZUVAG4VoIV2brW6hv2+GsAIbemIjjmzrzbQoAAgVjTCKykAGlX+zCvx2IloSz8XwJoMZXCppbfu1c6+kKWoEXkDAUDroWVbW1tnD9fSjgAAAAZ2akOQ3wWAVCzBBACJoPnlphGabxfGcfy1UDw7ztD0acdxlMYjalQ\/QgDABebQvd5bKl3GKgFwl1vyfAt8Oo5jcvQHJTQCoF3ayu3dEEXRB2vFqOF4DamIYlBMJgkBALcN0HeBBBW+8lkAi8uJKwHwGyWXDylP0zgrjNtYAMeICD1jtbIhl8sd2tXV9T\/ajJr0AHgd5WEyU7h3QAB8lQwiij48COD9owCwbNmyN\/T392vDsc8CEOqUPtgmAFT4kIhJI31RFB1dqy+\/siGO65DXKVLfpZJQAEiS5FRr7TcVjdgYx\/EO5VV7aAVIkuRwa62K1jyXy+3Z1dX1C0XlEyZNebURY8y5cRwz0LJukjUkPhQAyF42MDCgfcJmZwD02HrtegOA5AWaQaTWb4eQrNcASCR5iXIWfxDH8WGhzyE+bQBAL52h5dQnTzlNKAC4VZOaW81DGozMoqvbCABoNUsrHeGBpt8TpnVXNo2Rg5xB+2e96qXtgLsi\/iSFzwS3umC6BQA8M\/Hs5CtDHklDjQBAJk++xeMr1wLQHD6qTT4DT3gI1chdAE7UZAidFsCtIkKuQJUEBgBd0bziAFwjh24CwwHwQxGh+7SvXArgSt\/E1dIBoPVRFd0aRdH76nXwG6\/9AI5yt4JqXRzxe0gAJElyvrVWY4m9GQDp7EZsAXT\/0tCffhiA5vQ54QAlSRJba0kh7ytPuXA13\/Q1SefUxuQhfpumgsAA+IC1lhwDvvIQAL6+NgIAL2n07qG\/PgC3ichf+PZARK4HkJVnR1Hd+EkBkA6XdHDeEhIAAGjAetS7cpE1ABgkMwIAdB7UED0x6ENrjRq3jSkOgKcDIGVswyVJkrOstfRT9JbAANhVRKqGgQ1r3NDqOXgGcEENqtesWlpadtJEuFQbGQC\/1wRCRlE0L5\/P0xW74ZLGiBYSAO6ltSH6e48BIV3+oJV1EADO57zXI+PwJDNDhX25xyRUMXitra2z6hF74DMmaZQxIQGQ4gMuOhbTVwHg0MAzgEa2D0XzkgaAHR0d7bV0P9cMhKN3Ub00HhIAzlpJnYivbmEUAOj+raJtmT59+nahnld3QRKq+slRBOD\/NRNVq7QpvsCgiqAUAOgH8LqhLSANguk1FGoLSDOAVH02C5fwsmXL3tTf368iZwq5ArhX2Mgc6it9Ls+rS4ZDEG8B3k+4tbS07LJ06VL62QURt51omMcOcn4DQerPUkiKa1jQFSDFIXAjgO2HVgB3DuAh0NsXMIqifUM+eAiAD0K8XTERwU3RirpHJE2S5HRrLZ1pvSXwCqC9Bj4JYFBxNVwVzHskC\/IV8v54O1pWKxQAPW3+tFq6Yb9\/FUCacGlFFX5JAZA0U8XUGRIAhUJhbqlUoheVrzwGYJDEYjgAyNc7z7cEY8xHQ9CVl+sDcI2IfMa3fhF5lixaIc3RirqHkrrtkx9Pw1TBKVhchryChgNAq4oNbQziC2PaeMSgq1AaAACg9xK9mFQScgVQklOwnbcAYJDpiBVA+wWmJigea6TSKFNI2dIE5uA0cZRBD4EAtObgKwAsqQQACRfItuErPwbgvWX4FOpsC4NGCk+hN\/KBAFZ7pg+azAXEkENJS6IRGgAqhxBjzCfoNl8JAEbCaB4opBKG2kBG3wQRAOT5GUSmQu6P4\/iYeruEub2fLmGDZlWtBN4CVC5hxpij4jge5H4afgagcYBXQV91ouRyuc6QbtgASIVGP3ftF1UXWprhk+yCYb+onfhy+lAASLl17lhmFa+MC+DjDZrTLF+0zPJuwKjxSxkStjmKovfXyzro3ML59Q+qU9NIKACkcAtf77iIB5tdCYB7RITEkL7ixUbpWxjTAaAugDoBrfRGUXREPp\/nnlwzca7rPPVrYvPHArr3SjtRZwBoA0PuBTC\/XGYlAPje75hkQuM04pk4jncKuf+6vZUBnXNSzOLzURQtqNUbRO7L50eSafLZr1DGNPdotsaVr9u96zx6BSgUCu8plUp0DtVIcG6ADKsA20128r8JSVDtQHmeixJOvewPH9QQQTUpg0OHDoCjtoAVK1a0rl+\/nuFhGnawEYjSIKfK0sZHD7K4fDN0i4fDTFdEd9Xjo5ipTvvj9TEEo1qSJIuttRrPbH4ctOLS+2r0CuD24LtF5M8VE\/lzAGmW6wmrcKdbBnpmIYLkFZWKGvrrPeB7ZXVfPB9wOt+BUHsr8Rm+EXuxT4bKNABIIq15beyHAEY8TDUWRQwDDHw5b8ttOrgWD0IAOFdEgryR64JOHjDGrDTGrI6i6PmBgYENHR0dxd7eXpqhdzXG7G2t5QAxykZzG0ozfxJF0XvHIp72KQwAyTNIoqGRUer7UQBwFLEM+NScUr\/iqFs1jfFKm8bS5lVwcyR6or29fZ72ES3nwsevX2O9HVNvMx5PoMoySF799vb2nbUd8ZkD5zBKrRU1lVNRHmhvbz\/Rd+yc+xy\/fO14jLlVjwcAUr6ptFzGmIviONbSy3hNqCOKpJpac93xKrtJEpHm5WwAE97AHEPJDSlYQtnNBMCoyKvxAED2C3IFawJFGNi5Z9o3bKtNhAPBvcpDT7Vim+33+4wx37LWrpw+ffpTuVyutGnTplnFYpHU8jTfct\/XbM3l\/m1ubW3ddSw3+nELA8An4Yc0Rj4jVWuiBuf7RkVM6idWffqRIQ3j8+icqQlxy1Cdd9avOf6HURkmAkAapi6yTuwBQBVl5N0NEXE0qaSloQNJswjN0ld3dnZeunbt2lkDAwM0aGW5vobs1yu5XG6\/rq6udWMVOhEAePelSlZL0LzY0ZiG7MSoshyieebQcBrXok3PO6XO0JUsSZIua22hFpWlKHMRAPIcjikT7icpaGNYCalj5oz3QkWKDoybBQCvQXxBQ7VVBWoDv\/ob2traFlW+0unCrsgkloo+JlD7WMwjnZ2dh0xE4T8hANxySxOxlhJtwndqAnZwsKgkSY51KlGNVixLM+6PomhJPp8fNyTbHVpJoMlnYBshPMTzud4JCaSqnigBLBWRbm0PjDHHx3HMA1tdxKlvj3WexWTtCK2+5cp2cxRFK\/L5PJUwVSUUp2DVikYnYKTwoT7h+z4A4B5LzSCfa9HIehHZF4A26lhTx5hpaUcoFounWWtp06DfonfEU0WBjFek\/uGeadOm3ZLmPQQAnSJyv3utNHPfPArgI1YLfFXzVQHAClOeBZj1rjiOTwrpL+AxACOSOLXpPGPMXGstGcjodraji4Iqh6KRIZ2AZagb4w3WRFH04Jw5c1aHeALHUdncrORg0naV6X\/a0tKyQBOy5wUARyP\/mIgQzVqhbZ4u51u1uIMhNXFk+G4NPBiM66TJmo9ZDpl6ferwAgAL4rOsSiKicv1boig6stFsXj6DUY80zvG1x1HLeY\/\/BG37Xi6XuyCtc66qARmebyGR88EhaWXrMVm1rMP5FpJYiipe7fmKZxPyI5GrkStzatECgA3lw4Vp6NJ5kOS1REtInbpzkyGj2xp4RjnIWssDKw1e9DnkH3UNPETzj7aWh6MoWlkqlR4NpW1VAcAdCPkO7Y0pB5ceu0c04maQsr1TPpsaAA4EWrex4QP5SHt7+zG+9u8pPwMN7mBaAHArIElyWi3XqtbW1vnNwvLV4DloaPWpAOBWgUP4BFuGRxPICELactKsbpMGjUBqADgQqD2HKvq5wRhzajlQsUFjsFVXmwkADgQ8EPJgmFYGXCCHhu06bV3b8lWMQGYAOIshXbW07\/xUTgZj3M8EQFXsNqnTCGQGANvpXLUYiZPVHPuMIy\/Q+rvXabimXjVBAMBhcfZverXS2JJVyFfE5+inxGrgDFI8L\/FlESp6GKK1yhhznbWWvhPBSDa0Ax8MAKy4u7t7t2KxSOq4nbQNGSM91Z1Xzpgx4wsXXnihhgUzQNVhinAxDaTeoU\/FeBHF9Bw6ORTvsrblQQHgDoV00+KLVKF8+J8yxiTWWnIR8MtpeqF61xjzEWstJ95nRbw7juMFjTCbBwfAsO0gtA\/\/08aYq9vb269P45hRD9QA2M4YQ9ZQPtG+m7LO+QA4ZnWVmgDArQTkHKLKOLQPP12zbomi6Np8Pk9tZMPFuX6RKfR0EmelbNA3ADB\/XaVmAGAv3BWRFCZn1KhX9L+\/LYqiO2pNDVPZfppzrbUnWmtPFRENtd14Q7EKwIE1Gqdxi60pAMq1umdW6RWU+q1dj4GhSxd97+7P5XKPFotFBkMGOV3T4bSnp2fPYrF4kCOKYPh4iIPu8G5NXQC4LYG2A5I1pDUgeWBgRJKNIkJ2kLXGmF9aa8nny2vli21tbS8YYwb6+vq2zJ49u6+3t3e7vr4+umlx23qzMWY2X1G31vJZdgbG8MVwbyZ1bUNd+qm3BVQOhNMV8H3iE1IO0lTONvSebz07WZctoLJDjqiYuv\/MbFv1HKwa1nU3gIZ8FA0BgNsS6FNA+pcFNRzYyVA0bSBUBDXk\/aOGAaA8M44S7m8ZRDIZZitgG581xuSttdeFOqymaVvDAeBWA4Zx0aRMyjMewKay0G+f7CvLGqX+HT64TQGAYasBw9AuEBEaThi9M5WE7wqSV\/nqekRO+w5cUwFgGBCoLyABxOKU0Ui+\/a9HOl5HyevDRxqazrrZlAAYBoTIGMOIJKpZSSIdOqSqlgBgUCkJKm\/XhmvVslGVZTc1AIY3FsAbnT2dZwUGUDRj29eKyJ25XO6Grq4uqqmbXppxEKsOGoDdjTHzrbXkATg8gwGmal1VEtCf8SfGmHuMMd8O+Y5i1ob55p+UAKhYGUhl925jzJHWWhpT+B6e1hTrO14bRISxeCsdb8DDjbq\/+za4WrpJD4CxOkgfxf7+\/v1LpdJ+jk6VSif+0Q5B9i6abEkaUWZFpxKGIdb8zz8e1kixst4YQ86ANS0tLY9PxUCWKQmAaqjf9vtrI7ANAFs5Gv4Arcjq+XgWblAAAAAASUVORK5CYII=\" alt=\"\"><\/span>&nbsp;\u200bkontakt@onyx-design.pl\n                  <\/a>\n                  <a href=\"tel:+48 516 152 839\" class=\"u-bottom-left-radius-0 u-bottom-right-radius-0 u-btn u-btn-rectangle u-button-style u-radius-0 u-text-grey-50 u-top-left-radius-0 u-top-right-radius-0 u-btn-2\"><span class=\"u-icon\"><svg class=\"u-svg-content\" viewBox=\"0 0 405.333 405.333\" x=\"0px\" y=\"0px\" style=\"width: 1em; height: 1em;\"><path d=\"M373.333,266.88c-25.003,0-49.493-3.904-72.704-11.563c-11.328-3.904-24.192-0.896-31.637,6.699l-46.016,34.752    c-52.8-28.181-86.592-61.952-114.389-114.368l33.813-44.928c8.512-8.512,11.563-20.971,7.915-32.64    C142.592,81.472,138.667,56.96,138.667,32c0-17.643-14.357-32-32-32H32C14.357,0,0,14.357,0,32    c0,205.845,167.488,373.333,373.333,373.333c17.643,0,32-14.357,32-32V298.88C405.333,281.237,390.976,266.88,373.333,266.88z\"><\/path><\/svg><\/span>&nbsp;+48 516 152 839\n                  <\/a>\n                  <p class=\"u-text u-text-grey-50 u-text-4\"><span class=\"u-file-icon u-icon\"><img src=\"http:\/\/www.onyx-design.pl\/wp-content\/uploads\/2023\/06\/739244.png\" alt=\"\"><\/span>&nbsp; <a href=\"https:\/\/www.instagram.com\/onyx_design_studio_\/\" class=\"u-btn u-button-link u-button-style u-text-palette-1-base u-btn-3\" target=\"_blank\">onyx_design_studio<\/a>\n                  <\/p>\n                <\/div>\n              <\/div>\n              <div class=\"u-align-center-xs u-container-style u-layout-cell u-right-cell u-size-20 u-size-20-md u-white u-layout-cell-3\">\n                <div class=\"u-container-layout u-container-layout-3\"><span class=\"u-icon u-icon-circle u-icon-6\"><svg class=\"u-svg-link\" preserveAspectRatio=\"xMidYMin slice\" viewBox=\"0 0 480 480\" style=\"\"><use xlink:href=\"#svg-f2fd\"><\/use><\/svg><svg class=\"u-svg-content\" viewBox=\"0 0 480 480\" x=\"0px\" y=\"0px\" id=\"svg-f2fd\" style=\"enable-background:new 0 0 480 480;\"><g><g><path d=\"M277.648,97.336C288.888,87.088,296,72.376,296,56c0-30.872-25.12-56-56-56s-56,25.128-56,56    c0,16.376,7.112,31.088,18.352,41.336C169.16,103.736,144,132.968,144,168v32c0,4.424,3.584,8,8,8h176c4.416,0,8-3.576,8-8v-32    C336,132.968,310.84,103.736,277.648,97.336z M200,56c0-22.056,17.944-40,40-40c22.056,0,40,17.944,40,40    c0,22.056-17.944,40-40,40C217.944,96,200,78.056,200,56z M320,192H160v-24c0-30.872,25.12-56,56-56h48c30.88,0,56,25.128,56,56    V192z\"><\/path>\n<\/g>\n<\/g><g><g><path d=\"M133.648,369.336C144.888,359.088,152,344.376,152,328c0-30.872-25.12-56-56-56s-56,25.128-56,56    c0,16.376,7.112,31.088,18.352,41.336C25.16,375.736,0,404.968,0,440v32c0,4.424,3.584,8,8,8h176c4.416,0,8-3.576,8-8v-32    C192,404.968,166.84,375.736,133.648,369.336z M56,328c0-22.056,17.944-40,40-40c22.056,0,40,17.944,40,40    c0,22.056-17.944,40-40,40C73.944,368,56,350.056,56,328z M176,464H16v-24c0-30.872,25.12-56,56-56h48c30.88,0,56,25.128,56,56    V464z\"><\/path>\n<\/g>\n<\/g><g><g><path d=\"M421.648,369.336C432.888,359.088,440,344.376,440,328c0-30.872-25.12-56-56-56s-56,25.128-56,56    c0,16.376,7.112,31.088,18.352,41.336C313.16,375.736,288,404.968,288,440v32c0,4.424,3.584,8,8,8h176c4.416,0,8-3.576,8-8v-32    C480,404.968,454.84,375.736,421.648,369.336z M344,328c0-22.056,17.944-40,40-40c22.056,0,40,17.944,40,40    c0,22.056-17.944,40-40,40C361.944,368,344,350.056,344,328z M464,464H304v-24c0-30.872,25.12-56,56-56h48    c30.88,0,56,25.128,56,56V464z\"><\/path>\n<\/g>\n<\/g><g><g><path d=\"M48.152,255.744l-15.984,0.624c0.216,5.512,0.656,11.096,1.312,16.584l15.888-1.904    C48.76,265.984,48.352,260.832,48.152,255.744z\"><\/path>\n<\/g>\n<\/g><g><g><path d=\"M33.472,223.176c-0.648,5.456-1.096,11.032-1.304,16.576l15.984,0.624c0.2-5.12,0.608-10.264,1.208-15.312L33.472,223.176    z\"><\/path>\n<\/g>\n<\/g><g><g><path d=\"M113.912,82.544c-4.376,3.336-8.688,6.904-12.824,10.616l10.696,11.904c3.808-3.424,7.784-6.72,11.824-9.792    L113.912,82.544z\"><\/path>\n<\/g>\n<\/g><g><g><path d=\"M51.736,159.44c-2.352,5-4.528,10.152-6.48,15.344l14.976,5.624c1.8-4.784,3.808-9.536,5.976-14.136L51.736,159.44z\"><\/path>\n<\/g>\n<\/g><g><g><path d=\"M40.024,190.584c-1.52,5.288-2.84,10.736-3.936,16.16l15.688,3.16c1.008-5,2.224-10.024,3.632-14.912L40.024,190.584z\"><\/path>\n<\/g>\n<\/g><g><g><path d=\"M89.176,104.776c-3.832,4.032-7.512,8.232-10.968,12.496l12.44,10.064c3.184-3.936,6.592-7.824,10.128-11.544    L89.176,104.776z\"><\/path>\n<\/g>\n<\/g><g><g><path d=\"M141.864,64.568c-4.84,2.584-9.664,5.424-14.352,8.44l8.672,13.456c4.32-2.792,8.768-5.408,13.216-7.784L141.864,64.568z\"><\/path>\n<\/g>\n<\/g><g><g><path d=\"M68.272,130.6c-3.128,4.568-6.104,9.304-8.848,14.096l13.88,7.952c2.528-4.416,5.28-8.792,8.168-13L68.272,130.6z\"><\/path>\n<\/g>\n<\/g><g><g><path d=\"M202.096,436.256l-3.16,15.688c5.384,1.088,10.92,1.96,16.448,2.608l1.856-15.888    C212.16,438.064,207.056,437.256,202.096,436.256z\"><\/path>\n<\/g>\n<\/g><g><g><path d=\"M278.408,436.16c-4.968,1.008-10.064,1.832-15.168,2.456l1.928,15.888c5.52-0.672,11.04-1.568,16.416-2.656    L278.408,436.16z\"><\/path>\n<\/g>\n<\/g><g><g><path d=\"M247.944,439.84c-5.112,0.2-10.28,0.224-15.36,0.024l-0.632,15.984c2.664,0.112,5.352,0.16,8.072,0.16    c2.864-0.016,5.72-0.072,8.56-0.184L247.944,439.84z\"><\/path>\n<\/g>\n<\/g><g><g><path d=\"M378.944,93.224l-10.688,11.904c3.808,3.424,7.504,7.024,11,10.704l11.616-11    C387.08,100.832,383.072,96.928,378.944,93.224z\"><\/path>\n<\/g>\n<\/g><g><g><path d=\"M401.824,117.32l-12.44,10.064c3.192,3.944,6.28,8.096,9.176,12.32l13.192-9.048    C408.616,126.088,405.28,121.6,401.824,117.32z\"><\/path>\n<\/g>\n<\/g><g><g><path d=\"M447.832,239.776l-15.984,0.624c0.104,2.52,0.152,5.064,0.152,7.6c0,2.6-0.048,5.184-0.152,7.768l15.984,0.624    c0.112-2.784,0.168-5.584,0.168-8.408C448,245.24,447.944,242.496,447.832,239.776z\"><\/path>\n<\/g>\n<\/g><g><g><path d=\"M420.608,144.736l-13.888,7.96c2.536,4.424,4.92,9.008,7.096,13.616l14.472-6.832    C425.936,154.488,423.352,149.528,420.608,144.736z\"><\/path>\n<\/g>\n<\/g><g><g><path d=\"M434.76,174.816l-14.976,5.632c1.792,4.768,3.408,9.672,4.816,14.568l15.384-4.408    C438.464,185.296,436.704,179.984,434.76,174.816z\"><\/path>\n<\/g>\n<\/g><g><g><path d=\"M443.904,206.776l-15.68,3.152c1.008,5.008,1.824,10.112,2.416,15.168l15.888-1.888    C445.88,217.736,445,212.208,443.904,206.776z\"><\/path>\n<\/g>\n<\/g><g><g><path d=\"M352.536,73.04l-8.664,13.456c4.272,2.752,8.496,5.72,12.568,8.832l9.712-12.728    C361.744,79.232,357.168,76.024,352.536,73.04z\"><\/path>\n<\/g>\n<\/g><g><g><path d=\"M323.232,57.328l-6.408,14.656c4.664,2.04,9.304,4.296,13.808,6.712L338.2,64.6    C333.328,61.976,328.288,59.528,323.232,57.328z\"><\/path>\n<\/g>\n<\/g><\/svg><\/span>\n                  <h3 class=\"u-align-center-lg u-align-center-md u-align-center-sm u-align-center-xl u-text u-text-5\">O MNIE<\/h3>\n                  <p class=\"u-align-center-lg u-align-center-md u-align-center-sm u-align-center-xl u-text u-text-grey-50 u-text-6\">Naszym celem jest stworzenie wn\u0119trza, kt\u00f3re stanie si\u0119 odr\u0119bnym wyrazem Twojej osobowo\u015bci i stylu \u017cycia.<\/p>\n                <\/div>\n              <\/div>\n            <\/div>\n          <\/div>\n        <\/div>\n      <\/div>\n    <\/section>\n    \n    \n  \n<\/div>","protected":false},"excerpt":{"rendered":"<p>OFERTA PROJEKTOWA &#8222;Wolno\u015b\u0107 pochodzi z wn\u0119trza&#8221; F. L. Wright Witaj w \u015bwiecie inspiruj\u0105cego designu wn\u0119trz, gdzie funkcjonalno\u015b\u0107 spotyka si\u0119 z estetyk\u0105, a dom staje si\u0119 oaz\u0105 pi\u0119kna i wygody. Nasze projekty wn\u0119trz oferuj\u0105 doskona\u0142\u0105 r\u00f3wnowag\u0119 mi\u0119dzy stylem a praktyczno\u015bci\u0105, tworz\u0105c wyj\u0105tkowe przestrzenie, kt\u00f3re odzwierciedlaj\u0105 indywidualno\u015b\u0107 i potrzeby naszych klient\u00f3w. portfolio Zainspiruj si\u0119 najnowszymi projektami w [&hellip;]<\/p>\n","protected":false},"author":2,"featured_media":0,"parent":0,"menu_order":0,"comment_status":"closed","ping_status":"closed","template":"","meta":{"_themeisle_gutenberg_block_has_review":false},"_links":{"self":[{"href":"https:\/\/www.onyx-design.pl\/index.php?rest_route=\/wp\/v2\/pages\/22"}],"collection":[{"href":"https:\/\/www.onyx-design.pl\/index.php?rest_route=\/wp\/v2\/pages"}],"about":[{"href":"https:\/\/www.onyx-design.pl\/index.php?rest_route=\/wp\/v2\/types\/page"}],"author":[{"embeddable":true,"href":"https:\/\/www.onyx-design.pl\/index.php?rest_route=\/wp\/v2\/users\/2"}],"replies":[{"embeddable":true,"href":"https:\/\/www.onyx-design.pl\/index.php?rest_route=%2Fwp%2Fv2%2Fcomments&post=22"}],"version-history":[{"count":18,"href":"https:\/\/www.onyx-design.pl\/index.php?rest_route=\/wp\/v2\/pages\/22\/revisions"}],"predecessor-version":[{"id":121,"href":"https:\/\/www.onyx-design.pl\/index.php?rest_route=\/wp\/v2\/pages\/22\/revisions\/121"}],"wp:attachment":[{"href":"https:\/\/www.onyx-design.pl\/index.php?rest_route=%2Fwp%2Fv2%2Fmedia&parent=22"}],"curies":[{"name":"wp","href":"https:\/\/api.w.org\/{rel}","templated":true}]}}